{"id":1856,"date":"2021-08-18T10:54:34","date_gmt":"2021-08-18T10:54:34","guid":{"rendered":"https:\/\/butlerscocktails.co.za\/boutique\/"},"modified":"2025-11-03T16:13:59","modified_gmt":"2025-11-03T16:13:59","slug":"boutique","status":"publish","type":"page","link":"https:\/\/butlerscocktails.co.za\/fr\/boutique\/","title":{"rendered":"Boutique"},"content":{"rendered":"\t\t<div data-elementor-type=\"wp-page\" data-elementor-id=\"1856\" class=\"elementor elementor-1856 elementor-1419\" data-elementor-post-type=\"page\">\n\t\t\t\t\t\t<section class=\"elementor-section elementor-top-section elementor-element elementor-element-1a6fcb06 elementor-section-full_width elementor-section-height-default elementor-section-height-default\" data-id=\"1a6fcb06\" data-element_type=\"section\" data-e-type=\"section\">\n\t\t\t\t\t\t<div class=\"elementor-container elementor-column-gap-default\">\n\t\t\t\t\t<div class=\"elementor-column elementor-col-100 elementor-top-column elementor-element elementor-element-79816402\" data-id=\"79816402\" data-element_type=\"column\" data-e-type=\"column\">\n\t\t\t<div class=\"elementor-widget-wrap elementor-element-populated\">\n\t\t\t\t\t\t<section class=\"elementor-section elementor-inner-section elementor-element elementor-element-1959dfaa elementor-section-height-min-height elementor-section-content-middle elementor-section-boxed elementor-section-height-default\" data-id=\"1959dfaa\" data-element_type=\"section\" data-e-type=\"section\">\n\t\t\t\t\t\t<div class=\"elementor-container elementor-column-gap-default\">\n\t\t\t\t\t<div class=\"elementor-column elementor-col-100 elementor-inner-column elementor-element elementor-element-47fbcc28\" data-id=\"47fbcc28\" data-element_type=\"column\" data-e-type=\"column\" data-settings=\"{&quot;background_background&quot;:&quot;classic&quot;}\">\n\t\t\t<div class=\"elementor-widget-wrap elementor-element-populated\">\n\t\t\t\t\t\t<div class=\"elementor-element elementor-element-781b6962 elementor-widget__width-auto elementor-widget elementor-widget-heading\" data-id=\"781b6962\" data-element_type=\"widget\" data-e-type=\"widget\" data-widget_type=\"heading.default\">\n\t\t\t\t<div class=\"elementor-widget-container\">\n\t\t\t\t\t<h2 class=\"elementor-heading-title elementor-size-default\">choisis un magasin<\/h2>\t\t\t\t<\/div>\n\t\t\t\t<\/div>\n\t\t\t\t\t<\/div>\n\t\t<\/div>\n\t\t\t\t\t<\/div>\n\t\t<\/section>\n\t\t\t\t<section class=\"elementor-section elementor-inner-section elementor-element elementor-element-5434d267 elementor-section-boxed elementor-section-height-default elementor-section-height-default\" data-id=\"5434d267\" data-element_type=\"section\" data-e-type=\"section\">\n\t\t\t\t\t\t<div class=\"elementor-container elementor-column-gap-default\">\n\t\t\t\t\t<div class=\"elementor-column elementor-col-25 elementor-inner-column elementor-element elementor-element-386a679f\" data-id=\"386a679f\" data-element_type=\"column\" data-e-type=\"column\">\n\t\t\t<div class=\"elementor-widget-wrap elementor-element-populated\">\n\t\t\t\t\t\t<div class=\"elementor-element elementor-element-ee3d076 elementor-widget elementor-widget-image\" data-id=\"ee3d076\" data-element_type=\"widget\" data-e-type=\"widget\" data-widget_type=\"image.default\">\n\t\t\t\t<div class=\"elementor-widget-container\">\n\t\t\t\t\t\t\t\t\t\t\t\t\t\t\t<img fetchpriority=\"high\" decoding=\"async\" width=\"802\" height=\"410\" src=\"https:\/\/butlerscocktails.co.za\/wp-content\/uploads\/2021\/08\/Screenshot-2021-08-16-at-13.50.54.png\" class=\"attachment-large size-large wp-image-1832\" alt=\"\" srcset=\"https:\/\/butlerscocktails.co.za\/wp-content\/uploads\/2021\/08\/Screenshot-2021-08-16-at-13.50.54.png 802w, https:\/\/butlerscocktails.co.za\/wp-content\/uploads\/2021\/08\/Screenshot-2021-08-16-at-13.50.54-300x153.png 300w, https:\/\/butlerscocktails.co.za\/wp-content\/uploads\/2021\/08\/Screenshot-2021-08-16-at-13.50.54-768x393.png 768w\" sizes=\"(max-width: 802px) 100vw, 802px\" \/>\t\t\t\t\t\t\t\t\t\t\t\t\t\t\t<\/div>\n\t\t\t\t<\/div>\n\t\t\t\t<div class=\"elementor-element elementor-element-5ff6f0c6 elementor-align-center elementor-widget elementor-widget-button\" data-id=\"5ff6f0c6\" data-element_type=\"widget\" data-e-type=\"widget\" data-widget_type=\"button.default\">\n\t\t\t\t<div class=\"elementor-widget-container\">\n\t\t\t\t\t\t\t\t\t<div class=\"elementor-button-wrapper\">\n\t\t\t\t\t<a class=\"elementor-button elementor-button-link elementor-size-md\" href=\"https:\/\/liquorcity.co.za\/\" target=\"_blank\">\n\t\t\t\t\t\t<span class=\"elementor-button-content-wrapper\">\n\t\t\t\t\t\t\t\t\t<span class=\"elementor-button-text\">ach\u00e8te maintenant <\/span>\n\t\t\t\t\t<\/span>\n\t\t\t\t\t<\/a>\n\t\t\t\t<\/div>\n\t\t\t\t\t\t\t\t<\/div>\n\t\t\t\t<\/div>\n\t\t\t\t\t<\/div>\n\t\t<\/div>\n\t\t\t\t<div class=\"elementor-column elementor-col-25 elementor-inner-column elementor-element elementor-element-1eebf6ca\" data-id=\"1eebf6ca\" data-element_type=\"column\" data-e-type=\"column\">\n\t\t\t<div class=\"elementor-widget-wrap elementor-element-populated\">\n\t\t\t\t\t\t<div class=\"elementor-element elementor-element-252ffe73 elementor-widget elementor-widget-image\" data-id=\"252ffe73\" data-element_type=\"widget\" data-e-type=\"widget\" data-widget_type=\"image.default\">\n\t\t\t\t<div class=\"elementor-widget-container\">\n\t\t\t\t\t\t\t\t\t\t\t\t\t\t\t<img decoding=\"async\" width=\"804\" height=\"408\" src=\"https:\/\/butlerscocktails.co.za\/wp-content\/uploads\/2021\/08\/Screenshot-2021-08-16-at-13.51.48.png\" class=\"attachment-large size-large wp-image-1833\" alt=\"\" srcset=\"https:\/\/butlerscocktails.co.za\/wp-content\/uploads\/2021\/08\/Screenshot-2021-08-16-at-13.51.48.png 804w, https:\/\/butlerscocktails.co.za\/wp-content\/uploads\/2021\/08\/Screenshot-2021-08-16-at-13.51.48-300x152.png 300w, https:\/\/butlerscocktails.co.za\/wp-content\/uploads\/2021\/08\/Screenshot-2021-08-16-at-13.51.48-768x390.png 768w\" sizes=\"(max-width: 804px) 100vw, 804px\" \/>\t\t\t\t\t\t\t\t\t\t\t\t\t\t\t<\/div>\n\t\t\t\t<\/div>\n\t\t\t\t<div class=\"elementor-element elementor-element-1d4d469 elementor-align-center elementor-widget elementor-widget-button\" data-id=\"1d4d469\" data-element_type=\"widget\" data-e-type=\"widget\" data-widget_type=\"button.default\">\n\t\t\t\t<div class=\"elementor-widget-container\">\n\t\t\t\t\t\t\t\t\t<div class=\"elementor-button-wrapper\">\n\t\t\t\t\t<a class=\"elementor-button elementor-button-link elementor-size-md\" href=\"https:\/\/eshop.checkersfs.co.za\/search?as=true&#038;cid=0&#038;q=butlers&#038;Sid=True&#038;Isc=true\" target=\"_blank\">\n\t\t\t\t\t\t<span class=\"elementor-button-content-wrapper\">\n\t\t\t\t\t\t\t\t\t<span class=\"elementor-button-text\">ach\u00e8te maintenant <\/span>\n\t\t\t\t\t<\/span>\n\t\t\t\t\t<\/a>\n\t\t\t\t<\/div>\n\t\t\t\t\t\t\t\t<\/div>\n\t\t\t\t<\/div>\n\t\t\t\t\t<\/div>\n\t\t<\/div>\n\t\t\t\t<div class=\"elementor-column elementor-col-25 elementor-inner-column elementor-element elementor-element-7408be8d\" data-id=\"7408be8d\" data-element_type=\"column\" data-e-type=\"column\">\n\t\t\t<div class=\"elementor-widget-wrap elementor-element-populated\">\n\t\t\t\t\t\t<div class=\"elementor-element elementor-element-62265db7 elementor-widget elementor-widget-image\" data-id=\"62265db7\" data-element_type=\"widget\" data-e-type=\"widget\" data-widget_type=\"image.default\">\n\t\t\t\t<div class=\"elementor-widget-container\">\n\t\t\t\t\t\t\t\t\t\t\t\t\t\t\t<img decoding=\"async\" width=\"802\" height=\"406\" src=\"https:\/\/butlerscocktails.co.za\/wp-content\/uploads\/2021\/08\/Screenshot-2021-08-16-at-13.52.31.png\" class=\"attachment-large size-large wp-image-1834\" alt=\"\" srcset=\"https:\/\/butlerscocktails.co.za\/wp-content\/uploads\/2021\/08\/Screenshot-2021-08-16-at-13.52.31.png 802w, https:\/\/butlerscocktails.co.za\/wp-content\/uploads\/2021\/08\/Screenshot-2021-08-16-at-13.52.31-300x152.png 300w, https:\/\/butlerscocktails.co.za\/wp-content\/uploads\/2021\/08\/Screenshot-2021-08-16-at-13.52.31-768x389.png 768w\" sizes=\"(max-width: 802px) 100vw, 802px\" \/>\t\t\t\t\t\t\t\t\t\t\t\t\t\t\t<\/div>\n\t\t\t\t<\/div>\n\t\t\t\t<div class=\"elementor-element elementor-element-2e6d1cbf elementor-align-center elementor-widget elementor-widget-button\" data-id=\"2e6d1cbf\" data-element_type=\"widget\" data-e-type=\"widget\" data-widget_type=\"button.default\">\n\t\t\t\t<div class=\"elementor-widget-container\">\n\t\t\t\t\t\t\t\t\t<div class=\"elementor-button-wrapper\">\n\t\t\t\t\t<a class=\"elementor-button elementor-button-link elementor-size-md\" href=\"https:\/\/www.makro.co.za\/search\/?q=Butlers%3Arelevance%3Acategory%3AJGE&#038;text=Butlers#\" target=\"_blank\">\n\t\t\t\t\t\t<span class=\"elementor-button-content-wrapper\">\n\t\t\t\t\t\t\t\t\t<span class=\"elementor-button-text\">ach\u00e8te maintenant <\/span>\n\t\t\t\t\t<\/span>\n\t\t\t\t\t<\/a>\n\t\t\t\t<\/div>\n\t\t\t\t\t\t\t\t<\/div>\n\t\t\t\t<\/div>\n\t\t\t\t\t<\/div>\n\t\t<\/div>\n\t\t\t\t<div class=\"elementor-column elementor-col-25 elementor-inner-column elementor-element elementor-element-6a432b83\" data-id=\"6a432b83\" data-element_type=\"column\" data-e-type=\"column\">\n\t\t\t<div class=\"elementor-widget-wrap elementor-element-populated\">\n\t\t\t\t\t\t<div class=\"elementor-element elementor-element-36d27486 elementor-widget elementor-widget-image\" data-id=\"36d27486\" data-element_type=\"widget\" data-e-type=\"widget\" data-widget_type=\"image.default\">\n\t\t\t\t<div class=\"elementor-widget-container\">\n\t\t\t\t\t\t\t\t\t\t\t\t\t\t\t<img loading=\"lazy\" decoding=\"async\" width=\"804\" height=\"410\" src=\"https:\/\/butlerscocktails.co.za\/wp-content\/uploads\/2021\/08\/Screenshot-2021-08-16-at-13.53.05.png\" class=\"attachment-large size-large wp-image-1835\" alt=\"\" srcset=\"https:\/\/butlerscocktails.co.za\/wp-content\/uploads\/2021\/08\/Screenshot-2021-08-16-at-13.53.05.png 804w, https:\/\/butlerscocktails.co.za\/wp-content\/uploads\/2021\/08\/Screenshot-2021-08-16-at-13.53.05-300x153.png 300w, https:\/\/butlerscocktails.co.za\/wp-content\/uploads\/2021\/08\/Screenshot-2021-08-16-at-13.53.05-768x392.png 768w\" sizes=\"(max-width: 804px) 100vw, 804px\" \/>\t\t\t\t\t\t\t\t\t\t\t\t\t\t\t<\/div>\n\t\t\t\t<\/div>\n\t\t\t\t<div class=\"elementor-element elementor-element-50d24028 elementor-align-center elementor-widget elementor-widget-button\" data-id=\"50d24028\" data-element_type=\"widget\" data-e-type=\"widget\" data-widget_type=\"button.default\">\n\t\t\t\t<div class=\"elementor-widget-container\">\n\t\t\t\t\t\t\t\t\t<div class=\"elementor-button-wrapper\">\n\t\t\t\t\t<a class=\"elementor-button elementor-button-link elementor-size-md\" href=\"https:\/\/www.ngf.co.za\/search?q=butlers\" target=\"_blank\">\n\t\t\t\t\t\t<span class=\"elementor-button-content-wrapper\">\n\t\t\t\t\t\t\t\t\t<span class=\"elementor-button-text\">ach\u00e8te maintenant <\/span>\n\t\t\t\t\t<\/span>\n\t\t\t\t\t<\/a>\n\t\t\t\t<\/div>\n\t\t\t\t\t\t\t\t<\/div>\n\t\t\t\t<\/div>\n\t\t\t\t\t<\/div>\n\t\t<\/div>\n\t\t\t\t\t<\/div>\n\t\t<\/section>\n\t\t\t\t<section class=\"elementor-section elementor-inner-section elementor-element elementor-element-bce4834 elementor-section-boxed elementor-section-height-default elementor-section-height-default\" data-id=\"bce4834\" data-element_type=\"section\" data-e-type=\"section\">\n\t\t\t\t\t\t<div class=\"elementor-container elementor-column-gap-default\">\n\t\t\t\t\t<div class=\"elementor-column elementor-col-25 elementor-inner-column elementor-element elementor-element-323d1f46\" data-id=\"323d1f46\" data-element_type=\"column\" data-e-type=\"column\">\n\t\t\t<div class=\"elementor-widget-wrap elementor-element-populated\">\n\t\t\t\t\t\t<div class=\"elementor-element elementor-element-396741c0 elementor-widget elementor-widget-image\" data-id=\"396741c0\" data-element_type=\"widget\" data-e-type=\"widget\" data-widget_type=\"image.default\">\n\t\t\t\t<div class=\"elementor-widget-container\">\n\t\t\t\t\t\t\t\t\t\t\t\t\t\t\t<img loading=\"lazy\" decoding=\"async\" width=\"806\" height=\"412\" src=\"https:\/\/butlerscocktails.co.za\/wp-content\/uploads\/2021\/08\/Screenshot-2021-08-16-at-13.53.43.png\" class=\"attachment-large size-large wp-image-1836\" alt=\"\" srcset=\"https:\/\/butlerscocktails.co.za\/wp-content\/uploads\/2021\/08\/Screenshot-2021-08-16-at-13.53.43.png 806w, https:\/\/butlerscocktails.co.za\/wp-content\/uploads\/2021\/08\/Screenshot-2021-08-16-at-13.53.43-300x153.png 300w, https:\/\/butlerscocktails.co.za\/wp-content\/uploads\/2021\/08\/Screenshot-2021-08-16-at-13.53.43-768x393.png 768w\" sizes=\"(max-width: 806px) 100vw, 806px\" \/>\t\t\t\t\t\t\t\t\t\t\t\t\t\t\t<\/div>\n\t\t\t\t<\/div>\n\t\t\t\t<div class=\"elementor-element elementor-element-3a78fce4 elementor-align-center elementor-widget elementor-widget-button\" data-id=\"3a78fce4\" data-element_type=\"widget\" data-e-type=\"widget\" data-widget_type=\"button.default\">\n\t\t\t\t<div class=\"elementor-widget-container\">\n\t\t\t\t\t\t\t\t\t<div class=\"elementor-button-wrapper\">\n\t\t\t\t\t<a class=\"elementor-button elementor-button-link elementor-size-md\" href=\"https:\/\/www.pnp.co.za\/pnpstorefront\/pnp\/en\/search\/?text=butlers\" target=\"_blank\">\n\t\t\t\t\t\t<span class=\"elementor-button-content-wrapper\">\n\t\t\t\t\t\t\t\t\t<span class=\"elementor-button-text\">ach\u00e8te maintenant <\/span>\n\t\t\t\t\t<\/span>\n\t\t\t\t\t<\/a>\n\t\t\t\t<\/div>\n\t\t\t\t\t\t\t\t<\/div>\n\t\t\t\t<\/div>\n\t\t\t\t\t<\/div>\n\t\t<\/div>\n\t\t\t\t<div class=\"elementor-column elementor-col-25 elementor-inner-column elementor-element elementor-element-3d6faa24\" data-id=\"3d6faa24\" data-element_type=\"column\" data-e-type=\"column\">\n\t\t\t<div class=\"elementor-widget-wrap elementor-element-populated\">\n\t\t\t\t\t\t<div class=\"elementor-element elementor-element-6cf39072 elementor-widget elementor-widget-image\" data-id=\"6cf39072\" data-element_type=\"widget\" data-e-type=\"widget\" data-widget_type=\"image.default\">\n\t\t\t\t<div class=\"elementor-widget-container\">\n\t\t\t\t\t\t\t\t\t\t\t\t\t\t\t<img loading=\"lazy\" decoding=\"async\" width=\"806\" height=\"408\" src=\"https:\/\/butlerscocktails.co.za\/wp-content\/uploads\/2021\/08\/Screenshot-2021-08-16-at-13.54.30.png\" class=\"attachment-large size-large wp-image-1837\" alt=\"\" srcset=\"https:\/\/butlerscocktails.co.za\/wp-content\/uploads\/2021\/08\/Screenshot-2021-08-16-at-13.54.30.png 806w, https:\/\/butlerscocktails.co.za\/wp-content\/uploads\/2021\/08\/Screenshot-2021-08-16-at-13.54.30-300x152.png 300w, https:\/\/butlerscocktails.co.za\/wp-content\/uploads\/2021\/08\/Screenshot-2021-08-16-at-13.54.30-768x389.png 768w\" sizes=\"(max-width: 806px) 100vw, 806px\" \/>\t\t\t\t\t\t\t\t\t\t\t\t\t\t\t<\/div>\n\t\t\t\t<\/div>\n\t\t\t\t<div class=\"elementor-element elementor-element-35ee7bf0 elementor-align-center elementor-widget elementor-widget-button\" data-id=\"35ee7bf0\" data-element_type=\"widget\" data-e-type=\"widget\" data-widget_type=\"button.default\">\n\t\t\t\t<div class=\"elementor-widget-container\">\n\t\t\t\t\t\t\t\t\t<div class=\"elementor-button-wrapper\">\n\t\t\t\t\t<a class=\"elementor-button elementor-button-link elementor-size-md\" href=\"https:\/\/www.shoprite.co.za\/liquorshop\" target=\"_blank\">\n\t\t\t\t\t\t<span class=\"elementor-button-content-wrapper\">\n\t\t\t\t\t\t\t\t\t<span class=\"elementor-button-text\">ach\u00e8te maintenant <\/span>\n\t\t\t\t\t<\/span>\n\t\t\t\t\t<\/a>\n\t\t\t\t<\/div>\n\t\t\t\t\t\t\t\t<\/div>\n\t\t\t\t<\/div>\n\t\t\t\t\t<\/div>\n\t\t<\/div>\n\t\t\t\t<div class=\"elementor-column elementor-col-25 elementor-inner-column elementor-element elementor-element-209a15ab\" data-id=\"209a15ab\" data-element_type=\"column\" data-e-type=\"column\">\n\t\t\t<div class=\"elementor-widget-wrap elementor-element-populated\">\n\t\t\t\t\t\t<div class=\"elementor-element elementor-element-257e8517 elementor-widget elementor-widget-image\" data-id=\"257e8517\" data-element_type=\"widget\" data-e-type=\"widget\" data-widget_type=\"image.default\">\n\t\t\t\t<div class=\"elementor-widget-container\">\n\t\t\t\t\t\t\t\t\t\t\t\t\t\t\t<img loading=\"lazy\" decoding=\"async\" width=\"802\" height=\"408\" src=\"https:\/\/butlerscocktails.co.za\/wp-content\/uploads\/2021\/08\/Screenshot-2021-08-16-at-13.55.05.png\" class=\"attachment-large size-large wp-image-1838\" alt=\"\" srcset=\"https:\/\/butlerscocktails.co.za\/wp-content\/uploads\/2021\/08\/Screenshot-2021-08-16-at-13.55.05.png 802w, https:\/\/butlerscocktails.co.za\/wp-content\/uploads\/2021\/08\/Screenshot-2021-08-16-at-13.55.05-300x153.png 300w, https:\/\/butlerscocktails.co.za\/wp-content\/uploads\/2021\/08\/Screenshot-2021-08-16-at-13.55.05-768x391.png 768w\" sizes=\"(max-width: 802px) 100vw, 802px\" \/>\t\t\t\t\t\t\t\t\t\t\t\t\t\t\t<\/div>\n\t\t\t\t<\/div>\n\t\t\t\t<div class=\"elementor-element elementor-element-49574bbb elementor-align-center elementor-widget elementor-widget-button\" data-id=\"49574bbb\" data-element_type=\"widget\" data-e-type=\"widget\" data-widget_type=\"button.default\">\n\t\t\t\t<div class=\"elementor-widget-container\">\n\t\t\t\t\t\t\t\t\t<div class=\"elementor-button-wrapper\">\n\t\t\t\t\t<a class=\"elementor-button elementor-size-md\" role=\"button\">\n\t\t\t\t\t\t<span class=\"elementor-button-content-wrapper\">\n\t\t\t\t\t\t\t\t\t<span class=\"elementor-button-text\">\u00e0 venir<\/span>\n\t\t\t\t\t<\/span>\n\t\t\t\t\t<\/a>\n\t\t\t\t<\/div>\n\t\t\t\t\t\t\t\t<\/div>\n\t\t\t\t<\/div>\n\t\t\t\t\t<\/div>\n\t\t<\/div>\n\t\t\t\t<div class=\"elementor-column elementor-col-25 elementor-inner-column elementor-element elementor-element-5f697397\" data-id=\"5f697397\" data-element_type=\"column\" data-e-type=\"column\">\n\t\t\t<div class=\"elementor-widget-wrap\">\n\t\t\t\t\t\t\t<\/div>\n\t\t<\/div>\n\t\t\t\t\t<\/div>\n\t\t<\/section>\n\t\t\t\t\t<\/div>\n\t\t<\/div>\n\t\t\t\t\t<\/div>\n\t\t<\/section>\n\t\t\t\t<\/div>\n\t\t","protected":false},"excerpt":{"rendered":"<p>choisis un magasin ach\u00e8te maintenant ach\u00e8te maintenant ach\u00e8te maintenant ach\u00e8te maintenant ach\u00e8te maintenant ach\u00e8te maintenant \u00e0 venir<\/p>\n","protected":false},"author":1,"featured_media":0,"parent":0,"menu_order":0,"comment_status":"closed","ping_status":"closed","template":"elementor_header_footer","meta":{"footnotes":""},"class_list":["post-1856","page","type-page","status-publish"],"yoast_head":"<!-- This site is optimized with the Yoast SEO plugin v27.2 - https:\/\/yoast.com\/product\/yoast-seo-wordpress\/ -->\n<title>Boutique - Butlers Liquers<\/title>\n<meta name=\"robots\" content=\"index, follow, max-snippet:-1, max-image-preview:large, max-video-preview:-1\" \/>\n<link rel=\"canonical\" href=\"https:\/\/butlerscocktails.co.za\/fr\/boutique\/\" \/>\n<meta property=\"og:locale\" content=\"fr_FR\" \/>\n<meta property=\"og:type\" content=\"article\" \/>\n<meta property=\"og:title\" content=\"Boutique - Butlers Liquers\" \/>\n<meta property=\"og:description\" content=\"choisis un magasin ach\u00e8te maintenant ach\u00e8te maintenant ach\u00e8te maintenant ach\u00e8te maintenant ach\u00e8te maintenant ach\u00e8te maintenant \u00e0 venir\" \/>\n<meta property=\"og:url\" content=\"https:\/\/butlerscocktails.co.za\/fr\/boutique\/\" \/>\n<meta property=\"og:site_name\" content=\"Butlers Liquers\" \/>\n<meta property=\"article:modified_time\" content=\"2025-11-03T16:13:59+00:00\" \/>\n<meta property=\"og:image\" content=\"https:\/\/butlerscocktails.co.za\/wp-content\/uploads\/2021\/08\/Screenshot-2021-08-16-at-13.50.54.png\" \/>\n\t<meta property=\"og:image:width\" content=\"802\" \/>\n\t<meta property=\"og:image:height\" content=\"410\" \/>\n\t<meta property=\"og:image:type\" content=\"image\/png\" \/>\n<meta name=\"twitter:card\" content=\"summary_large_image\" \/>\n<script type=\"application\/ld+json\" class=\"yoast-schema-graph\">{\"@context\":\"https:\/\/schema.org\",\"@graph\":[{\"@type\":\"WebPage\",\"@id\":\"https:\/\/butlerscocktails.co.za\/fr\/boutique\/\",\"url\":\"https:\/\/butlerscocktails.co.za\/fr\/boutique\/\",\"name\":\"Boutique - Butlers Liquers\",\"isPartOf\":{\"@id\":\"https:\/\/butlerscocktails.co.za\/fr\/#website\"},\"primaryImageOfPage\":{\"@id\":\"https:\/\/butlerscocktails.co.za\/fr\/boutique\/#primaryimage\"},\"image\":{\"@id\":\"https:\/\/butlerscocktails.co.za\/fr\/boutique\/#primaryimage\"},\"thumbnailUrl\":\"https:\/\/butlerscocktails.co.za\/wp-content\/uploads\/2021\/08\/Screenshot-2021-08-16-at-13.50.54.png\",\"datePublished\":\"2021-08-18T10:54:34+00:00\",\"dateModified\":\"2025-11-03T16:13:59+00:00\",\"breadcrumb\":{\"@id\":\"https:\/\/butlerscocktails.co.za\/fr\/boutique\/#breadcrumb\"},\"inLanguage\":\"fr-FR\",\"potentialAction\":[{\"@type\":\"ReadAction\",\"target\":[\"https:\/\/butlerscocktails.co.za\/fr\/boutique\/\"]}]},{\"@type\":\"ImageObject\",\"inLanguage\":\"fr-FR\",\"@id\":\"https:\/\/butlerscocktails.co.za\/fr\/boutique\/#primaryimage\",\"url\":\"https:\/\/butlerscocktails.co.za\/wp-content\/uploads\/2021\/08\/Screenshot-2021-08-16-at-13.50.54.png\",\"contentUrl\":\"https:\/\/butlerscocktails.co.za\/wp-content\/uploads\/2021\/08\/Screenshot-2021-08-16-at-13.50.54.png\"},{\"@type\":\"BreadcrumbList\",\"@id\":\"https:\/\/butlerscocktails.co.za\/fr\/boutique\/#breadcrumb\",\"itemListElement\":[{\"@type\":\"ListItem\",\"position\":1,\"name\":\"Home\",\"item\":\"https:\/\/butlerscocktails.co.za\/fr\/\"},{\"@type\":\"ListItem\",\"position\":2,\"name\":\"Boutique\"}]},{\"@type\":\"WebSite\",\"@id\":\"https:\/\/butlerscocktails.co.za\/fr\/#website\",\"url\":\"https:\/\/butlerscocktails.co.za\/fr\/\",\"name\":\"Butlers Liquers\",\"description\":\"Mix with the Best\",\"publisher\":{\"@id\":\"https:\/\/butlerscocktails.co.za\/fr\/#organization\"},\"potentialAction\":[{\"@type\":\"SearchAction\",\"target\":{\"@type\":\"EntryPoint\",\"urlTemplate\":\"https:\/\/butlerscocktails.co.za\/fr\/?s={search_term_string}\"},\"query-input\":{\"@type\":\"PropertyValueSpecification\",\"valueRequired\":true,\"valueName\":\"search_term_string\"}}],\"inLanguage\":\"fr-FR\"},{\"@type\":\"Organization\",\"@id\":\"https:\/\/butlerscocktails.co.za\/fr\/#organization\",\"name\":\"Butlers Liquers\",\"url\":\"https:\/\/butlerscocktails.co.za\/fr\/\",\"logo\":{\"@type\":\"ImageObject\",\"inLanguage\":\"fr-FR\",\"@id\":\"https:\/\/butlerscocktails.co.za\/fr\/#\/schema\/logo\/image\/\",\"url\":\"https:\/\/butlerscocktails.co.za\/wp-content\/uploads\/2021\/05\/blogo.png\",\"contentUrl\":\"https:\/\/butlerscocktails.co.za\/wp-content\/uploads\/2021\/05\/blogo.png\",\"width\":225,\"height\":89,\"caption\":\"Butlers Liquers\"},\"image\":{\"@id\":\"https:\/\/butlerscocktails.co.za\/fr\/#\/schema\/logo\/image\/\"}}]}<\/script>\n<!-- \/ Yoast SEO plugin. -->","yoast_head_json":{"title":"Boutique - Butlers Liquers","robots":{"index":"index","follow":"follow","max-snippet":"max-snippet:-1","max-image-preview":"max-image-preview:large","max-video-preview":"max-video-preview:-1"},"canonical":"https:\/\/butlerscocktails.co.za\/fr\/boutique\/","og_locale":"fr_FR","og_type":"article","og_title":"Boutique - Butlers Liquers","og_description":"choisis un magasin ach\u00e8te maintenant ach\u00e8te maintenant ach\u00e8te maintenant ach\u00e8te maintenant ach\u00e8te maintenant ach\u00e8te maintenant \u00e0 venir","og_url":"https:\/\/butlerscocktails.co.za\/fr\/boutique\/","og_site_name":"Butlers Liquers","article_modified_time":"2025-11-03T16:13:59+00:00","og_image":[{"width":802,"height":410,"url":"https:\/\/butlerscocktails.co.za\/wp-content\/uploads\/2021\/08\/Screenshot-2021-08-16-at-13.50.54.png","type":"image\/png"}],"twitter_card":"summary_large_image","schema":{"@context":"https:\/\/schema.org","@graph":[{"@type":"WebPage","@id":"https:\/\/butlerscocktails.co.za\/fr\/boutique\/","url":"https:\/\/butlerscocktails.co.za\/fr\/boutique\/","name":"Boutique - Butlers Liquers","isPartOf":{"@id":"https:\/\/butlerscocktails.co.za\/fr\/#website"},"primaryImageOfPage":{"@id":"https:\/\/butlerscocktails.co.za\/fr\/boutique\/#primaryimage"},"image":{"@id":"https:\/\/butlerscocktails.co.za\/fr\/boutique\/#primaryimage"},"thumbnailUrl":"https:\/\/butlerscocktails.co.za\/wp-content\/uploads\/2021\/08\/Screenshot-2021-08-16-at-13.50.54.png","datePublished":"2021-08-18T10:54:34+00:00","dateModified":"2025-11-03T16:13:59+00:00","breadcrumb":{"@id":"https:\/\/butlerscocktails.co.za\/fr\/boutique\/#breadcrumb"},"inLanguage":"fr-FR","potentialAction":[{"@type":"ReadAction","target":["https:\/\/butlerscocktails.co.za\/fr\/boutique\/"]}]},{"@type":"ImageObject","inLanguage":"fr-FR","@id":"https:\/\/butlerscocktails.co.za\/fr\/boutique\/#primaryimage","url":"https:\/\/butlerscocktails.co.za\/wp-content\/uploads\/2021\/08\/Screenshot-2021-08-16-at-13.50.54.png","contentUrl":"https:\/\/butlerscocktails.co.za\/wp-content\/uploads\/2021\/08\/Screenshot-2021-08-16-at-13.50.54.png"},{"@type":"BreadcrumbList","@id":"https:\/\/butlerscocktails.co.za\/fr\/boutique\/#breadcrumb","itemListElement":[{"@type":"ListItem","position":1,"name":"Home","item":"https:\/\/butlerscocktails.co.za\/fr\/"},{"@type":"ListItem","position":2,"name":"Boutique"}]},{"@type":"WebSite","@id":"https:\/\/butlerscocktails.co.za\/fr\/#website","url":"https:\/\/butlerscocktails.co.za\/fr\/","name":"Butlers Liquers","description":"Mix with the Best","publisher":{"@id":"https:\/\/butlerscocktails.co.za\/fr\/#organization"},"potentialAction":[{"@type":"SearchAction","target":{"@type":"EntryPoint","urlTemplate":"https:\/\/butlerscocktails.co.za\/fr\/?s={search_term_string}"},"query-input":{"@type":"PropertyValueSpecification","valueRequired":true,"valueName":"search_term_string"}}],"inLanguage":"fr-FR"},{"@type":"Organization","@id":"https:\/\/butlerscocktails.co.za\/fr\/#organization","name":"Butlers Liquers","url":"https:\/\/butlerscocktails.co.za\/fr\/","logo":{"@type":"ImageObject","inLanguage":"fr-FR","@id":"https:\/\/butlerscocktails.co.za\/fr\/#\/schema\/logo\/image\/","url":"https:\/\/butlerscocktails.co.za\/wp-content\/uploads\/2021\/05\/blogo.png","contentUrl":"https:\/\/butlerscocktails.co.za\/wp-content\/uploads\/2021\/05\/blogo.png","width":225,"height":89,"caption":"Butlers Liquers"},"image":{"@id":"https:\/\/butlerscocktails.co.za\/fr\/#\/schema\/logo\/image\/"}}]}},"_links":{"self":[{"href":"https:\/\/butlerscocktails.co.za\/fr\/wp-json\/wp\/v2\/pages\/1856","targetHints":{"allow":["GET"]}}],"collection":[{"href":"https:\/\/butlerscocktails.co.za\/fr\/wp-json\/wp\/v2\/pages"}],"about":[{"href":"https:\/\/butlerscocktails.co.za\/fr\/wp-json\/wp\/v2\/types\/page"}],"author":[{"embeddable":true,"href":"https:\/\/butlerscocktails.co.za\/fr\/wp-json\/wp\/v2\/users\/1"}],"replies":[{"embeddable":true,"href":"https:\/\/butlerscocktails.co.za\/fr\/wp-json\/wp\/v2\/comments?post=1856"}],"version-history":[{"count":1,"href":"https:\/\/butlerscocktails.co.za\/fr\/wp-json\/wp\/v2\/pages\/1856\/revisions"}],"predecessor-version":[{"id":1857,"href":"https:\/\/butlerscocktails.co.za\/fr\/wp-json\/wp\/v2\/pages\/1856\/revisions\/1857"}],"wp:attachment":[{"href":"https:\/\/butlerscocktails.co.za\/fr\/wp-json\/wp\/v2\/media?parent=1856"}],"curies":[{"name":"wp","href":"https:\/\/api.w.org\/{rel}","templated":true}]}}