{"id":1904,"date":"2021-05-20T07:20:33","date_gmt":"2021-05-20T07:20:33","guid":{"rendered":"https:\/\/butlerscocktails.co.za\/politique-de-confidentialite\/"},"modified":"2025-11-03T16:15:02","modified_gmt":"2025-11-03T16:15:02","slug":"politique-de-confidentialite","status":"publish","type":"page","link":"https:\/\/butlerscocktails.co.za\/fr\/politique-de-confidentialite\/","title":{"rendered":"Politique de confidentialit\u00e9"},"content":{"rendered":"\t\t<div data-elementor-type=\"wp-page\" data-elementor-id=\"1904\" class=\"elementor elementor-1904 elementor-3\" data-elementor-post-type=\"page\">\n\t\t\t\t\t\t<section class=\"elementor-section elementor-top-section elementor-element elementor-element-39e542b elementor-section-full_width elementor-section-height-default elementor-section-height-default\" data-id=\"39e542b\" data-element_type=\"section\" data-e-type=\"section\">\n\t\t\t\t\t\t<div class=\"elementor-container elementor-column-gap-no\">\n\t\t\t\t\t<div class=\"elementor-column elementor-col-100 elementor-top-column elementor-element elementor-element-32ee514\" data-id=\"32ee514\" data-element_type=\"column\" data-e-type=\"column\">\n\t\t\t<div class=\"elementor-widget-wrap elementor-element-populated\">\n\t\t\t\t\t\t<section class=\"elementor-section elementor-inner-section elementor-element elementor-element-cb1c38a elementor-section-boxed elementor-section-height-default elementor-section-height-default\" data-id=\"cb1c38a\" data-element_type=\"section\" data-e-type=\"section\">\n\t\t\t\t\t\t<div class=\"elementor-container elementor-column-gap-default\">\n\t\t\t\t\t<div class=\"elementor-column elementor-col-100 elementor-inner-column elementor-element elementor-element-ca777ff\" data-id=\"ca777ff\" data-element_type=\"column\" data-e-type=\"column\">\n\t\t\t<div class=\"elementor-widget-wrap elementor-element-populated\">\n\t\t\t\t\t\t<div class=\"elementor-element elementor-element-5a0255ad elementor-widget elementor-widget-text-editor\" data-id=\"5a0255ad\" data-element_type=\"widget\" data-e-type=\"widget\" data-widget_type=\"text-editor.default\">\n\t\t\t\t<div class=\"elementor-widget-container\">\n\t\t\t\t\t\t\t\t\t<main class=\"site-main post-3 page type-page status-publish hentry\" role=\"main\">\r\n<div class=\"page-content\">\r\n<p>Cette Politique de confidentialit\u00e9 d\u00e9crit comment DGB (le \u00ab site \u00bb, \u00ab nous \u00bb ou \u00ab notre \u00bb) collecte, utilise et divulgue vos Informations personnelles lorsque vous visitez ou effectuez un achat sur le site. <\/p>\r\n<h4>Collecte d&rsquo;informations personnelles <\/h4>\r\n<p>Lorsque tu visites le Site, nous collectons certaines informations sur ton appareil, ton interaction avec le Site et les informations n\u00e9cessaires pour traiter tes achats. Nous pouvons \u00e9galement collecter des informations suppl\u00e9mentaires si tu nous contactes pour obtenir une assistance client. Dans cette Politique de confidentialit\u00e9, nous faisons r\u00e9f\u00e9rence \u00e0 toute information qui peut identifier de mani\u00e8re unique un individu (y compris les informations ci-dessous) comme \u00ab Informations personnelles \u00bb. Consulte la liste ci-dessous pour plus d&rsquo;informations sur les Informations personnelles que nous collectons et pourquoi.   <\/p>\r\n<p>Informations sur l&rsquo;appareil<\/p>\r\n<ul>\r\n<li>Exemples d&rsquo;Informations personnelles collect\u00e9es : version du navigateur web, adresses IP, fuseau horaire, informations sur les cookies, quels sites ou produits tu consultes, termes de recherche et comment tu interagis avec le Site. <\/li>\r\n\r\n<li>Objectif de la collecte : pour charger le Site correctement pour toi et effectuer des analyses sur l&rsquo;utilisation du Site afin de l&rsquo;optimiser. <\/li>\r\n\r\n<li>Source de la collecte : Collect\u00e9es automatiquement lorsque tu acc\u00e8des \u00e0 notre site en utilisant des cookies, des fichiers journaux, des balises web, des tags ou des pixels.<\/li>\r\n<\/ul>\r\n\r\n<p>Informations de commande <\/p>\r\n<ul>\r\n<li>Exemples d&rsquo;Informations personnelles collect\u00e9es : nom, adresse de facturation, adresse de livraison, informations de paiement (y compris les num\u00e9ros de carte de cr\u00e9dit, adresses e-mail et num\u00e9ro de t\u00e9l\u00e9phone). <\/li>\r\n\r\n<li>Objectif de la collecte : pour te fournir des produits ou services afin de remplir notre contrat, traiter tes informations de paiement, organiser l&rsquo;exp\u00e9dition et te fournir des factures et\/ou des confirmations de commande, communiquer avec toi, filtrer nos commandes pour d\u00e9tecter les risques potentiels ou la fraude, et, conform\u00e9ment aux pr\u00e9f\u00e9rences que tu as partag\u00e9es avec nous, te fournir des informations ou de la publicit\u00e9 relatives \u00e0 nos produits ou services. <\/li>\r\n\r\n<li>Source de la collecte : collect\u00e9es aupr\u00e8s de toi. <\/li>\r\n\r\n\r\n\r\n\r\n<\/ul>\r\n\r\n<p>Mineurs<\/p>\r\n<p>Le Site n&rsquo;est pas destin\u00e9 aux personnes de moins de 18 ans. Nous ne collectons pas intentionnellement d&rsquo;Informations personnelles aupr\u00e8s des enfants. Si tu es le parent ou le tuteur et que tu penses que ton enfant nous a fourni des Informations personnelles, contacte-nous aux adresses ci-dessous pour demander la suppression.   <\/p>\r\n\r\n<p>Partage des informations personnelles <p><\/p>\r\n<p>Nous partageons tes Informations personnelles pertinentes avec des fournisseurs de services pour nous aider \u00e0 fournir nos services et remplir nos contrats avec toi, et qui ont accept\u00e9 de garder tes informations s\u00e9curis\u00e9es, confidentielles et de ne les utiliser que pour des fins autoris\u00e9es, comme d\u00e9crit ci-dessus. <\/p>\r\n<p>Ta vie priv\u00e9e est importante pour nous, c&rsquo;est pourquoi notre politique est de ne pas partager tes informations personnelles avec d&rsquo;autres entreprises. Nous ne vendrons jamais tes informations personnelles.  <\/p>\r\n<p>Nous utilisons des fournisseurs ou des prestataires de services en qui nous avons confiance pour nous fournir des services et parfois cela implique de partager tes informations pertinentes avec eux. Ils op\u00e8rent sous des exigences strictes visant \u00e0 garder tes informations personnelles s\u00e9curis\u00e9es et confidentielles et ils ne les utiliseront que dans le but pour lequel nous les leur avons envoy\u00e9es.  <\/p>\r\n\r\n<p>Il est possible que les Informations personnelles que nous collectons pour toi doivent \u00eatre transf\u00e9r\u00e9es et stock\u00e9es dans une destination en dehors de la R\u00e9publique d&rsquo;Afrique du Sud (par exemple, par un fournisseur de services d&rsquo;h\u00e9bergement de donn\u00e9es tiers). <\/p>\r\n\r\n<p>Nous pouvons partager tes Informations personnelles pour nous conformer aux lois et r\u00e9glementations applicables, pour r\u00e9pondre \u00e0 une assignation, un mandat de perquisition ou toute autre demande l\u00e9gale d&rsquo;information que nous recevons, ou pour prot\u00e9ger nos droits. <\/p>\r\n\r\n<p>Publicit\u00e9 comportementale <\/p>\r\n<p>Comme d\u00e9crit ci-dessus, nous utilisons tes Informations personnelles pour te fournir des publicit\u00e9s cibl\u00e9es ou des communications marketing que nous pensons pouvoir t&rsquo;int\u00e9resser. Par exemple :  <\/p>\r\n\r\n<ul>\r\n<li>Nous utilisons Google Analytics pour nous aider \u00e0 comprendre comment nos clients utilisent le Site. Tu peux en savoir plus sur la fa\u00e7on dont Google utilise tes Informations personnelles ici : https:\/\/policies.google.com\/privacy?hl=fr. Tu peux \u00e9galement d\u00e9sactiver Google Analytics ici : https:\/\/tools.google.com\/dlpage\/gaoptout.  <\/li>\r\n<li>Nous partageons des informations sur ton utilisation du Site, tes achats et ton interaction avec nos publicit\u00e9s sur d&rsquo;autres sites web avec nos partenaires publicitaires. Nous collectons et partageons certaines de ces informations directement avec nos partenaires publicitaires, et dans certains cas par l&rsquo;utilisation de cookies ou d&rsquo;autres technologies similaires (auxquelles tu peux consentir, selon ton emplacement).  <\/li>\r\n<\/ul>\r\n\r\n<p>Tu peux d\u00e9sactiver la publicit\u00e9 cibl\u00e9e en : <\/p>\r\n\r\n<ul>\r\n<li>FACEBOOK \u2013 https:\/\/www.facebook.com\/settings\/?tab=ads<\/li>\r\n<li>GOOGLE \u2013 https:\/\/www.google.com\/settings\/ads\/anonymous<\/li>\r\n\r\n<\/ul>\r\n<p>Utilisation des Informations personnelles<br><br>\r\nNous utilisons tes Informations personnelles pour te fournir nos services, ce qui inclut : offrir des produits \u00e0 la vente, traiter les paiements, exp\u00e9dier et ex\u00e9cuter ta commande, et te tenir inform\u00e9 des nouveaux produits, services et offres.\r\n<\/p>\r\n\r\n<p>\r\nConservation<br><br>\r\nLorsque tu passes une commande via le Site, nous conserverons tes Informations personnelles dans nos dossiers \u00e0 moins que et jusqu&rsquo;\u00e0 ce que tu nous demandes d&rsquo;effacer ces informations.\r\n\r\n<\/p>\r\n<p>Tu as le droit de :<\/p>\r\n<ul>\r\n<li>Demander quelles informations personnelles nous d\u00e9tenons \u00e0 ton sujet ; <\/li>\r\n<li>Demander quelles informations ont \u00e9t\u00e9 envoy\u00e9es \u00e0 nos fournisseurs, prestataires de services ou tout autre tiers ; <\/li>\r\n<li>Nous demander de mettre \u00e0 jour, corriger ou supprimer toute information personnelle obsol\u00e8te ou incorrecte que nous d\u00e9tenons \u00e0 ton sujet ; <\/li>\r\n<li>Te d\u00e9sabonner de toute communication marketing directe que nous pourrions t&rsquo;envoyer ; <\/li>\r\n<li>T&rsquo;opposer au traitement de tes informations personnelles. <\/li>\r\n<\/ul>\r\n\r\n<p>Cela peut nous prendre jusqu&rsquo;\u00e0 14 jours pour r\u00e9pondre \u00e0 ta demande.\r\n<br><br>Si tu veux que nous supprimions toutes les informations personnelles que nous avons \u00e0 ton sujet, tu devras probablement r\u00e9silier tous les accords que tu as avec nous concernant ton profil en ligne. Nous ne pouvons pas maintenir notre relation avec toi sans avoir certaines de tes informations personnelles. \r\n<br><br>Nous pouvons refuser de supprimer tes informations si la loi nous oblige \u00e0 les conserver ou si nous en avons besoin pour prot\u00e9ger nos droits. Nous ne conserverons pas tes Informations personnelles plus longtemps que n\u00e9cessaire pour atteindre l&rsquo;objectif pour lequel nous les collectons, sauf s&rsquo;il existe une base l\u00e9gale ou une exigence l\u00e9gale pour que nous conservions tes Informations personnelles pendant une p\u00e9riode plus longue. \r\n<br><br>Tu peux demander l&rsquo;acc\u00e8s aux informations que nous d\u00e9tenons \u00e0 ton sujet en contactant nos centres d&rsquo;appel.\r\n<\/p>\r\n<p>\r\nCookies\r\n<br><br>Un cookie est une petite quantit\u00e9 d&rsquo;informations t\u00e9l\u00e9charg\u00e9e sur ton ordinateur ou appareil lorsque tu visites notre Site. Nous utilisons plusieurs types de cookies diff\u00e9rents, notamment des cookies fonctionnels, de performance, publicitaires et de m\u00e9dias sociaux ou de contenu. Les cookies am\u00e9liorent ton exp\u00e9rience de navigation en permettant au site web de se souvenir de tes actions et pr\u00e9f\u00e9rences (comme la connexion et la s\u00e9lection de r\u00e9gion). Cela signifie que tu n&rsquo;as pas \u00e0 saisir \u00e0 nouveau ces informations chaque fois que tu reviens sur le site ou que tu navigues d&rsquo;une page \u00e0 l&rsquo;autre. Les cookies fournissent \u00e9galement des informations sur la fa\u00e7on dont les gens utilisent le site web, par exemple s&rsquo;il s&rsquo;agit de leur premi\u00e8re visite ou s&rsquo;ils sont des visiteurs fr\u00e9quents.    \r\n<br><br>La dur\u00e9e pendant laquelle un cookie reste sur ton ordinateur ou appareil mobile d\u00e9pend s&rsquo;il s&rsquo;agit d&rsquo;un cookie \u00ab persistant \u00bb ou \u00ab de session \u00bb. Les cookies de session durent jusqu&rsquo;\u00e0 ce que tu arr\u00eates de naviguer et les cookies persistants durent jusqu&rsquo;\u00e0 ce qu&rsquo;ils expirent ou soient supprim\u00e9s. La plupart des cookies que nous utilisons sont persistants et expireront entre 30 minutes et deux ans \u00e0 partir de la date o\u00f9 ils sont t\u00e9l\u00e9charg\u00e9s sur ton appareil.  \r\n<br><br>Tu peux contr\u00f4ler et g\u00e9rer les cookies de diff\u00e9rentes mani\u00e8res. Garde \u00e0 l&rsquo;esprit que la suppression ou le blocage des cookies peut avoir un impact n\u00e9gatif sur ton exp\u00e9rience utilisateur et certaines parties de notre site web peuvent ne plus \u00eatre enti\u00e8rement accessibles. \r\n<br><br>La plupart des navigateurs acceptent automatiquement les cookies, mais tu peux choisir d&rsquo;accepter ou non les cookies via les contr\u00f4les de ton navigateur, souvent trouv\u00e9s dans le menu \u00ab Outils \u00bb ou \u00ab Pr\u00e9f\u00e9rences \u00bb de ton navigateur. Pour plus d&rsquo;informations sur la modification des param\u00e8tres de ton navigateur ou sur le blocage, la gestion ou le filtrage des cookies, tu peux consulter le fichier d&rsquo;aide de ton navigateur ou des sites tels que www.allaboutcookies.org. \r\n<br><br>De plus, note que le blocage des cookies peut ne pas emp\u00eacher compl\u00e8tement la fa\u00e7on dont nous partageons les informations avec des tiers tels que nos partenaires publicitaires. Pour exercer tes droits ou te d\u00e9sinscrire de certaines utilisations de tes informations par ces parties, suis les instructions de la section \u00ab Publicit\u00e9 comportementale \u00bb ci-dessus. \r\n<br><br>Modifications\r\n<br><br>Nous pouvons mettre \u00e0 jour cette Politique de confidentialit\u00e9 de temps en temps afin de refl\u00e9ter, par exemple, des changements dans nos pratiques ou pour d&rsquo;autres raisons op\u00e9rationnelles, l\u00e9gales ou r\u00e9glementaires.\r\n<br><br>Contact\r\n<br><br>Pour plus d&rsquo;informations sur nos pratiques de confidentialit\u00e9, si tu as des questions ou si tu souhaites d\u00e9poser une plainte, contacte-nous par e-mail \u00e0 info@dgb.co.za\r\n<br><br>Derni\u00e8re mise \u00e0 jour : 18 novembre 2020\r\n<br><br>Si tu n&rsquo;es pas satisfait de notre r\u00e9ponse \u00e0 ta plainte, tu as le droit de d\u00e9poser ta plainte aupr\u00e8s de l&rsquo;autorit\u00e9 de protection des donn\u00e9es comp\u00e9tente.\r\n\r\n<\/p>\r\n<\/main>\r\n<div class=\"elementor elementor-24 elementor-location-footer\" data-elementor-type=\"footer\" data-elementor-id=\"24\" data-elementor-settings=\"[]\">\r\n<div class=\"elementor-section-wrap\">\r\n<section class=\"elementor-section elementor-inner-section elementor-element elementor-element-78134ee5 elementor-section-content-top elementor-section-boxed elementor-section-height-default elementor-section-height-default\" data-id=\"78134ee5\" data-element_type=\"section\" data-settings=\"{\"background_background\":\"classic\"}\">\r\n<div class=\"elementor-container elementor-column-gap-default\">\r\n<div class=\"elementor-column elementor-col-14 elementor-inner-column elementor-element elementor-element-18b5ece7\" data-id=\"18b5ece7\" data-element_type=\"column\">\r\n<div class=\"elementor-widget-wrap elementor-element-populated\">\r\n<div class=\"elementor-element elementor-element-21de0899 elementor-widget elementor-widget-heading is-mac\" data-id=\"21de0899\" data-element_type=\"widget\" data-widget_type=\"heading.default\">\r\n<div class=\"elementor-widget-container\"> <\/div>\r\n<\/div>\r\n<\/div>\r\n<\/div>\r\n<\/div>\r\n<\/section>\r\n<\/div>\r\n<\/div>\r\n\t\t\t\t\t\t\t\t<\/div>\n\t\t\t\t<\/div>\n\t\t\t\t\t<\/div>\n\t\t<\/div>\n\t\t\t\t\t<\/div>\n\t\t<\/section>\n\t\t\t\t\t<\/div>\n\t\t<\/div>\n\t\t\t\t\t<\/div>\n\t\t<\/section>\n\t\t\t\t<\/div>\n\t\t","protected":false},"excerpt":{"rendered":"<p>Cette Politique de confidentialit\u00e9 d\u00e9crit comment DGB (le \u00ab site \u00bb, \u00ab nous \u00bb ou \u00ab notre \u00bb) collecte, utilise et divulgue vos Informations personnelles lorsque vous visitez ou effectuez un achat sur le site. Collecte d&rsquo;informations personnelles Lorsque tu visites le Site, nous collectons certaines informations sur ton appareil, ton interaction avec le Site &#8230; <a title=\"Politique de confidentialit\u00e9\" class=\"read-more\" href=\"https:\/\/butlerscocktails.co.za\/fr\/politique-de-confidentialite\/\" aria-label=\"En savoir plus sur Politique de confidentialit\u00e9\">Lire la suite<\/a><\/p>\n","protected":false},"author":1,"featured_media":0,"parent":0,"menu_order":0,"comment_status":"closed","ping_status":"open","template":"elementor_header_footer","meta":{"footnotes":""},"class_list":["post-1904","page","type-page","status-publish"],"yoast_head":"<!-- This site is optimized with the Yoast SEO plugin v27.2 - https:\/\/yoast.com\/product\/yoast-seo-wordpress\/ -->\n<title>Politique de confidentialit\u00e9 - Butlers Liquers<\/title>\n<meta name=\"robots\" content=\"index, follow, max-snippet:-1, max-image-preview:large, max-video-preview:-1\" \/>\n<link rel=\"canonical\" href=\"https:\/\/butlerscocktails.co.za\/fr\/politique-de-confidentialite\/\" \/>\n<meta property=\"og:locale\" content=\"fr_FR\" \/>\n<meta property=\"og:type\" content=\"article\" \/>\n<meta property=\"og:title\" content=\"Politique de confidentialit\u00e9 - Butlers Liquers\" \/>\n<meta property=\"og:description\" content=\"Cette Politique de confidentialit\u00e9 d\u00e9crit comment DGB (le \u00ab site \u00bb, \u00ab nous \u00bb ou \u00ab notre \u00bb) collecte, utilise et divulgue vos Informations personnelles lorsque vous visitez ou effectuez un achat sur le site. Collecte d&rsquo;informations personnelles Lorsque tu visites le Site, nous collectons certaines informations sur ton appareil, ton interaction avec le Site ... Lire la suite\" \/>\n<meta property=\"og:url\" content=\"https:\/\/butlerscocktails.co.za\/fr\/politique-de-confidentialite\/\" \/>\n<meta property=\"og:site_name\" content=\"Butlers Liquers\" \/>\n<meta property=\"article:modified_time\" content=\"2025-11-03T16:15:02+00:00\" \/>\n<meta name=\"twitter:card\" content=\"summary_large_image\" \/>\n<meta name=\"twitter:label1\" content=\"Dur\u00e9e de lecture estim\u00e9e\" \/>\n\t<meta name=\"twitter:data1\" content=\"8 minutes\" \/>\n<script type=\"application\/ld+json\" class=\"yoast-schema-graph\">{\"@context\":\"https:\/\/schema.org\",\"@graph\":[{\"@type\":\"WebPage\",\"@id\":\"https:\/\/butlerscocktails.co.za\/fr\/politique-de-confidentialite\/\",\"url\":\"https:\/\/butlerscocktails.co.za\/fr\/politique-de-confidentialite\/\",\"name\":\"Politique de confidentialit\u00e9 - Butlers Liquers\",\"isPartOf\":{\"@id\":\"https:\/\/butlerscocktails.co.za\/fr\/#website\"},\"datePublished\":\"2021-05-20T07:20:33+00:00\",\"dateModified\":\"2025-11-03T16:15:02+00:00\",\"breadcrumb\":{\"@id\":\"https:\/\/butlerscocktails.co.za\/fr\/politique-de-confidentialite\/#breadcrumb\"},\"inLanguage\":\"fr-FR\",\"potentialAction\":[{\"@type\":\"ReadAction\",\"target\":[\"https:\/\/butlerscocktails.co.za\/fr\/politique-de-confidentialite\/\"]}]},{\"@type\":\"BreadcrumbList\",\"@id\":\"https:\/\/butlerscocktails.co.za\/fr\/politique-de-confidentialite\/#breadcrumb\",\"itemListElement\":[{\"@type\":\"ListItem\",\"position\":1,\"name\":\"Home\",\"item\":\"https:\/\/butlerscocktails.co.za\/fr\/\"},{\"@type\":\"ListItem\",\"position\":2,\"name\":\"Politique de confidentialit\u00e9\"}]},{\"@type\":\"WebSite\",\"@id\":\"https:\/\/butlerscocktails.co.za\/fr\/#website\",\"url\":\"https:\/\/butlerscocktails.co.za\/fr\/\",\"name\":\"Butlers Liquers\",\"description\":\"Mix with the Best\",\"publisher\":{\"@id\":\"https:\/\/butlerscocktails.co.za\/fr\/#organization\"},\"potentialAction\":[{\"@type\":\"SearchAction\",\"target\":{\"@type\":\"EntryPoint\",\"urlTemplate\":\"https:\/\/butlerscocktails.co.za\/fr\/?s={search_term_string}\"},\"query-input\":{\"@type\":\"PropertyValueSpecification\",\"valueRequired\":true,\"valueName\":\"search_term_string\"}}],\"inLanguage\":\"fr-FR\"},{\"@type\":\"Organization\",\"@id\":\"https:\/\/butlerscocktails.co.za\/fr\/#organization\",\"name\":\"Butlers Liquers\",\"url\":\"https:\/\/butlerscocktails.co.za\/fr\/\",\"logo\":{\"@type\":\"ImageObject\",\"inLanguage\":\"fr-FR\",\"@id\":\"https:\/\/butlerscocktails.co.za\/fr\/#\/schema\/logo\/image\/\",\"url\":\"https:\/\/butlerscocktails.co.za\/wp-content\/uploads\/2021\/05\/blogo.png\",\"contentUrl\":\"https:\/\/butlerscocktails.co.za\/wp-content\/uploads\/2021\/05\/blogo.png\",\"width\":225,\"height\":89,\"caption\":\"Butlers Liquers\"},\"image\":{\"@id\":\"https:\/\/butlerscocktails.co.za\/fr\/#\/schema\/logo\/image\/\"}}]}<\/script>\n<!-- \/ Yoast SEO plugin. -->","yoast_head_json":{"title":"Politique de confidentialit\u00e9 - Butlers Liquers","robots":{"index":"index","follow":"follow","max-snippet":"max-snippet:-1","max-image-preview":"max-image-preview:large","max-video-preview":"max-video-preview:-1"},"canonical":"https:\/\/butlerscocktails.co.za\/fr\/politique-de-confidentialite\/","og_locale":"fr_FR","og_type":"article","og_title":"Politique de confidentialit\u00e9 - Butlers Liquers","og_description":"Cette Politique de confidentialit\u00e9 d\u00e9crit comment DGB (le \u00ab site \u00bb, \u00ab nous \u00bb ou \u00ab notre \u00bb) collecte, utilise et divulgue vos Informations personnelles lorsque vous visitez ou effectuez un achat sur le site. Collecte d&rsquo;informations personnelles Lorsque tu visites le Site, nous collectons certaines informations sur ton appareil, ton interaction avec le Site ... Lire la suite","og_url":"https:\/\/butlerscocktails.co.za\/fr\/politique-de-confidentialite\/","og_site_name":"Butlers Liquers","article_modified_time":"2025-11-03T16:15:02+00:00","twitter_card":"summary_large_image","twitter_misc":{"Dur\u00e9e de lecture estim\u00e9e":"8 minutes"},"schema":{"@context":"https:\/\/schema.org","@graph":[{"@type":"WebPage","@id":"https:\/\/butlerscocktails.co.za\/fr\/politique-de-confidentialite\/","url":"https:\/\/butlerscocktails.co.za\/fr\/politique-de-confidentialite\/","name":"Politique de confidentialit\u00e9 - Butlers Liquers","isPartOf":{"@id":"https:\/\/butlerscocktails.co.za\/fr\/#website"},"datePublished":"2021-05-20T07:20:33+00:00","dateModified":"2025-11-03T16:15:02+00:00","breadcrumb":{"@id":"https:\/\/butlerscocktails.co.za\/fr\/politique-de-confidentialite\/#breadcrumb"},"inLanguage":"fr-FR","potentialAction":[{"@type":"ReadAction","target":["https:\/\/butlerscocktails.co.za\/fr\/politique-de-confidentialite\/"]}]},{"@type":"BreadcrumbList","@id":"https:\/\/butlerscocktails.co.za\/fr\/politique-de-confidentialite\/#breadcrumb","itemListElement":[{"@type":"ListItem","position":1,"name":"Home","item":"https:\/\/butlerscocktails.co.za\/fr\/"},{"@type":"ListItem","position":2,"name":"Politique de confidentialit\u00e9"}]},{"@type":"WebSite","@id":"https:\/\/butlerscocktails.co.za\/fr\/#website","url":"https:\/\/butlerscocktails.co.za\/fr\/","name":"Butlers Liquers","description":"Mix with the Best","publisher":{"@id":"https:\/\/butlerscocktails.co.za\/fr\/#organization"},"potentialAction":[{"@type":"SearchAction","target":{"@type":"EntryPoint","urlTemplate":"https:\/\/butlerscocktails.co.za\/fr\/?s={search_term_string}"},"query-input":{"@type":"PropertyValueSpecification","valueRequired":true,"valueName":"search_term_string"}}],"inLanguage":"fr-FR"},{"@type":"Organization","@id":"https:\/\/butlerscocktails.co.za\/fr\/#organization","name":"Butlers Liquers","url":"https:\/\/butlerscocktails.co.za\/fr\/","logo":{"@type":"ImageObject","inLanguage":"fr-FR","@id":"https:\/\/butlerscocktails.co.za\/fr\/#\/schema\/logo\/image\/","url":"https:\/\/butlerscocktails.co.za\/wp-content\/uploads\/2021\/05\/blogo.png","contentUrl":"https:\/\/butlerscocktails.co.za\/wp-content\/uploads\/2021\/05\/blogo.png","width":225,"height":89,"caption":"Butlers Liquers"},"image":{"@id":"https:\/\/butlerscocktails.co.za\/fr\/#\/schema\/logo\/image\/"}}]}},"_links":{"self":[{"href":"https:\/\/butlerscocktails.co.za\/fr\/wp-json\/wp\/v2\/pages\/1904","targetHints":{"allow":["GET"]}}],"collection":[{"href":"https:\/\/butlerscocktails.co.za\/fr\/wp-json\/wp\/v2\/pages"}],"about":[{"href":"https:\/\/butlerscocktails.co.za\/fr\/wp-json\/wp\/v2\/types\/page"}],"author":[{"embeddable":true,"href":"https:\/\/butlerscocktails.co.za\/fr\/wp-json\/wp\/v2\/users\/1"}],"replies":[{"embeddable":true,"href":"https:\/\/butlerscocktails.co.za\/fr\/wp-json\/wp\/v2\/comments?post=1904"}],"version-history":[{"count":3,"href":"https:\/\/butlerscocktails.co.za\/fr\/wp-json\/wp\/v2\/pages\/1904\/revisions"}],"predecessor-version":[{"id":1907,"href":"https:\/\/butlerscocktails.co.za\/fr\/wp-json\/wp\/v2\/pages\/1904\/revisions\/1907"}],"wp:attachment":[{"href":"https:\/\/butlerscocktails.co.za\/fr\/wp-json\/wp\/v2\/media?parent=1904"}],"curies":[{"name":"wp","href":"https:\/\/api.w.org\/{rel}","templated":true}]}}