{"id":1900,"date":"2021-05-20T07:20:33","date_gmt":"2021-05-20T07:20:33","guid":{"rendered":"https:\/\/butlerscocktails.co.za\/politica-de-privacidade\/"},"modified":"2025-11-03T16:14:30","modified_gmt":"2025-11-03T16:14:30","slug":"politica-de-privacidade","status":"publish","type":"page","link":"https:\/\/butlerscocktails.co.za\/pt-pt\/politica-de-privacidade\/","title":{"rendered":"Pol\u00edtica de Privacidade"},"content":{"rendered":"\t\t<div data-elementor-type=\"wp-page\" data-elementor-id=\"1900\" class=\"elementor elementor-1900 elementor-3\" data-elementor-post-type=\"page\">\n\t\t\t\t\t\t<section class=\"elementor-section elementor-top-section elementor-element elementor-element-39e542b elementor-section-full_width elementor-section-height-default elementor-section-height-default\" data-id=\"39e542b\" data-element_type=\"section\" data-e-type=\"section\">\n\t\t\t\t\t\t<div class=\"elementor-container elementor-column-gap-no\">\n\t\t\t\t\t<div class=\"elementor-column elementor-col-100 elementor-top-column elementor-element elementor-element-32ee514\" data-id=\"32ee514\" data-element_type=\"column\" data-e-type=\"column\">\n\t\t\t<div class=\"elementor-widget-wrap elementor-element-populated\">\n\t\t\t\t\t\t<section class=\"elementor-section elementor-inner-section elementor-element elementor-element-cb1c38a elementor-section-boxed elementor-section-height-default elementor-section-height-default\" data-id=\"cb1c38a\" data-element_type=\"section\" data-e-type=\"section\">\n\t\t\t\t\t\t<div class=\"elementor-container elementor-column-gap-default\">\n\t\t\t\t\t<div class=\"elementor-column elementor-col-100 elementor-inner-column elementor-element elementor-element-ca777ff\" data-id=\"ca777ff\" data-element_type=\"column\" data-e-type=\"column\">\n\t\t\t<div class=\"elementor-widget-wrap elementor-element-populated\">\n\t\t\t\t\t\t<div class=\"elementor-element elementor-element-5a0255ad elementor-widget elementor-widget-text-editor\" data-id=\"5a0255ad\" data-element_type=\"widget\" data-e-type=\"widget\" data-widget_type=\"text-editor.default\">\n\t\t\t\t<div class=\"elementor-widget-container\">\n\t\t\t\t\t\t\t\t\t<main class=\"site-main post-3 page type-page status-publish hentry\" role=\"main\">\r\n<div class=\"page-content\">\r\n<p>Esta Pol\u00edtica de Privacidade descreve como a DGB (o &#8220;site&#8221;, &#8220;n\u00f3s&#8221; ou &#8220;nos&#8221;) recolhe, utiliza e divulga as suas Informa\u00e7\u00f5es Pessoais quando visita ou faz uma compra no site. <\/p>\r\n<h4>Recolha de informa\u00e7\u00f5es pessoais <\/h4>\r\n<p>Quando visita o Site, recolhemos certas informa\u00e7\u00f5es sobre o seu dispositivo, a sua intera\u00e7\u00e3o com o Site e informa\u00e7\u00f5es necess\u00e1rias para processar as suas compras. Podemos tamb\u00e9m recolher informa\u00e7\u00f5es adicionais se nos contactar para apoio ao cliente. Nesta Pol\u00edtica de Privacidade, referimo-nos a qualquer informa\u00e7\u00e3o que possa identificar unicamente um indiv\u00edduo (incluindo as informa\u00e7\u00f5es abaixo) como &#8220;Informa\u00e7\u00f5es Pessoais&#8221;. Veja a lista abaixo para mais informa\u00e7\u00f5es sobre quais Informa\u00e7\u00f5es Pessoais recolhemos e porqu\u00ea.   <\/p>\r\n<p>Informa\u00e7\u00f5es do dispositivo<\/p>\r\n<ul>\r\n<li>Exemplos de Informa\u00e7\u00f5es Pessoais recolhidas: vers\u00e3o do navegador web, endere\u00e7os IP, fuso hor\u00e1rio, informa\u00e7\u00f5es de cookies, quais sites ou produtos visualiza, termos de pesquisa e como interage com o Site. <\/li>\r\n\r\n<li>Finalidade da recolha: carregar o Site com precis\u00e3o para si e realizar an\u00e1lises sobre o uso do Site para otimizar o nosso Site. <\/li>\r\n\r\n<li>Fonte da recolha: Recolhidas automaticamente quando acede ao nosso site usando cookies, ficheiros de registo, web beacons, tags ou pixels.<\/li>\r\n<\/ul>\r\n\r\n<p>Informa\u00e7\u00f5es de encomenda <\/p>\r\n<ul>\r\n<li>Exemplos de Informa\u00e7\u00f5es Pessoais recolhidas: nome, endere\u00e7o de fatura\u00e7\u00e3o, endere\u00e7o de envio, informa\u00e7\u00f5es de pagamento (incluindo n\u00fameros de cart\u00f5es de cr\u00e9dito, endere\u00e7os de email e n\u00famero de telefone). <\/li>\r\n\r\n<li>Finalidade da recolha: fornecer produtos ou servi\u00e7os para cumprir o nosso contrato, processar as suas informa\u00e7\u00f5es de pagamento, organizar o envio e fornecer-lhe faturas e\/ou confirma\u00e7\u00f5es de encomenda, comunicar consigo, verificar as nossas encomendas para risco potencial ou fraude e, quando em linha com as prefer\u00eancias que partilhou connosco, fornecer-lhe informa\u00e7\u00f5es ou publicidade relacionadas com os nossos produtos ou servi\u00e7os. <\/li>\r\n\r\n<li>Fonte da recolha: recolhidas de si. <\/li>\r\n\r\n\r\n\r\n\r\n<\/ul>\r\n\r\n<p>Menores<\/p>\r\n<p>O Site n\u00e3o se destina a indiv\u00edduos com menos de 18 anos. N\u00e3o recolhemos intencionalmente Informa\u00e7\u00f5es Pessoais de crian\u00e7as. Se for pai ou tutor e acreditar que o seu filho nos forneceu Informa\u00e7\u00f5es Pessoais, por favor, contacte-nos nos endere\u00e7os abaixo para solicitar a elimina\u00e7\u00e3o.   <\/p>\r\n\r\n<p>Partilha de informa\u00e7\u00f5es pessoais <p><\/p>\r\n<p>Partilhamos as suas Informa\u00e7\u00f5es Pessoais relevantes com prestadores de servi\u00e7os para nos ajudar a fornecer os nossos servi\u00e7os e cumprir os nossos contratos consigo e que concordaram em manter as suas informa\u00e7\u00f5es seguras, confidenciais e us\u00e1-las apenas para fins autorizados, conforme descrito acima. <\/p>\r\n<p>A sua privacidade \u00e9 importante para n\u00f3s, por isso, \u00e9 nossa pol\u00edtica n\u00e3o partilhar as suas informa\u00e7\u00f5es pessoais com outras empresas. Nunca venderemos as suas informa\u00e7\u00f5es pessoais.  <\/p>\r\n<p>Usamos fornecedores ou prestadores de servi\u00e7os em quem confiamos para nos fornecer servi\u00e7os e, por vezes, isso envolve partilhar as suas informa\u00e7\u00f5es relevantes com eles. Eles operam sob requisitos rigorosos destinados a manter as suas informa\u00e7\u00f5es pessoais seguras e confidenciais e s\u00f3 as usar\u00e3o para o prop\u00f3sito para o qual as envi\u00e1mos.  <\/p>\r\n\r\n<p>Existe a possibilidade de que as Informa\u00e7\u00f5es Pessoais que recolhemos de si possam ter de ser transferidas para, e armazenadas em, um destino fora da Rep\u00fablica da \u00c1frica do Sul (por exemplo, por um prestador de servi\u00e7os de alojamento de dados de terceiros). <\/p>\r\n\r\n<p>Podemos partilhar as suas Informa\u00e7\u00f5es Pessoais para cumprir com leis e regulamentos aplic\u00e1veis, para responder a uma intima\u00e7\u00e3o, mandado de busca ou outro pedido legal de informa\u00e7\u00f5es que recebemos, ou para proteger os nossos direitos. <\/p>\r\n\r\n<p>Publicidade comportamental <\/p>\r\n<p>Conforme descrito acima, usamos as suas Informa\u00e7\u00f5es Pessoais para lhe fornecer an\u00fancios direcionados ou comunica\u00e7\u00f5es de marketing que acreditamos que possam ser do seu interesse. Por exemplo:  <\/p>\r\n\r\n<ul>\r\n<li>Usamos o Google Analytics para nos ajudar a entender como os nossos clientes usam o Site. Pode ler mais sobre como o Google usa as suas Informa\u00e7\u00f5es Pessoais aqui: https:\/\/policies.google.com\/privacy?hl=pt. Tamb\u00e9m pode optar por n\u00e3o participar no Google Analytics aqui: https:\/\/tools.google.com\/dlpage\/gaoptout.  <\/li>\r\n<li>Partilhamos informa\u00e7\u00f5es sobre o seu uso do Site, as suas compras e a sua intera\u00e7\u00e3o com os nossos an\u00fancios em outros sites com os nossos parceiros de publicidade. Recolhemos e partilhamos algumas dessas informa\u00e7\u00f5es diretamente com os nossos parceiros de publicidade e, em alguns casos, atrav\u00e9s do uso de cookies ou outras tecnologias semelhantes (\u00e0s quais pode consentir, dependendo da sua localiza\u00e7\u00e3o).  <\/li>\r\n<\/ul>\r\n\r\n<p>Pode optar por n\u00e3o receber publicidade direcionada por: <\/p>\r\n\r\n<ul>\r\n<li>FACEBOOK \u2013 https:\/\/www.facebook.com\/settings\/?tab=ads<\/li>\r\n<li>GOOGLE \u2013 https:\/\/www.google.com\/settings\/ads\/anonymous<\/li>\r\n\r\n<\/ul>\r\n<p>Utiliza\u00e7\u00e3o de Informa\u00e7\u00f5es Pessoais<br><br>\r\nUsamos as suas Informa\u00e7\u00f5es Pessoais para lhe fornecer os nossos servi\u00e7os, que incluem: oferecer produtos para venda, processar pagamentos, enviar e cumprir a sua encomenda e mant\u00ea-lo atualizado sobre novos produtos, servi\u00e7os e ofertas.\r\n<\/p>\r\n\r\n<p>\r\nReten\u00e7\u00e3o <br><br>\r\nQuando faz uma encomenda atrav\u00e9s do Site, manteremos as suas Informa\u00e7\u00f5es Pessoais nos nossos registos, a menos e at\u00e9 que nos pe\u00e7a para apagar essas informa\u00e7\u00f5es.\r\n\r\n<\/p>\r\n<p>Tem o direito de:<\/p>\r\n<ul>\r\n<li>Perguntar quais informa\u00e7\u00f5es pessoais temos sobre si; <\/li>\r\n<li>Perguntar quais informa\u00e7\u00f5es foram enviadas aos nossos fornecedores, prestadores de servi\u00e7os ou qualquer outro terceiro; <\/li>\r\n<li>Pedir-nos para atualizar, corrigir ou eliminar qualquer informa\u00e7\u00e3o pessoal desatualizada ou incorreta que tenhamos sobre si; <\/li>\r\n<li>Cancelar a subscri\u00e7\u00e3o de quaisquer comunica\u00e7\u00f5es de marketing direto que possamos enviar-lhe; <\/li>\r\n<li>Opor-se ao processamento das suas informa\u00e7\u00f5es pessoais. <\/li>\r\n<\/ul>\r\n\r\n<p>Pode demorar at\u00e9 14 dias para respondermos ao seu pedido.\r\n<br><br>Se quiser que apaguemos todas as informa\u00e7\u00f5es pessoais que temos sobre si, provavelmente ter\u00e1 de terminar todos os acordos que tem connosco em rela\u00e7\u00e3o ao seu perfil Online. N\u00e3o podemos manter a nossa rela\u00e7\u00e3o consigo sem ter algumas das suas informa\u00e7\u00f5es pessoais. \r\n<br><br>Podemos recusar-nos a apagar as suas informa\u00e7\u00f5es se formos obrigados por lei a ret\u00ea-las ou se precisarmos delas para proteger os nossos direitos. N\u00e3o manteremos as suas Informa\u00e7\u00f5es Pessoais por mais tempo do que o necess\u00e1rio para atingir o prop\u00f3sito para o qual as recolhemos, a menos que haja uma base legal ou exig\u00eancia legal para retermos as suas Informa\u00e7\u00f5es Pessoais por um per\u00edodo mais longo. \r\n<br><br>Pode solicitar acesso \u00e0s informa\u00e7\u00f5es que temos sobre si, contactando os nossos centros de atendimento.\r\n<\/p>\r\n<p>\r\nCookies\r\n<br><br>Um cookie \u00e9 uma pequena quantidade de informa\u00e7\u00e3o que \u00e9 descarregada para o seu computador ou dispositivo quando visita o nosso Site. Usamos v\u00e1rios cookies diferentes, incluindo cookies funcionais, de desempenho, de publicidade e de redes sociais ou de conte\u00fado. Os cookies melhoram a sua experi\u00eancia de navega\u00e7\u00e3o ao permitir que o site se lembre das suas a\u00e7\u00f5es e prefer\u00eancias (como login e sele\u00e7\u00e3o de regi\u00e3o). Isso significa que n\u00e3o precisa de reintroduzir essas informa\u00e7\u00f5es cada vez que regressa ao site ou navega de uma p\u00e1gina para outra. Os cookies tamb\u00e9m fornecem informa\u00e7\u00f5es sobre como as pessoas usam o site, por exemplo, se \u00e9 a primeira vez que visitam ou se s\u00e3o visitantes frequentes.    \r\n<br><br>A dura\u00e7\u00e3o de um cookie no seu computador ou dispositivo m\u00f3vel depende de ser um cookie &#8220;persistente&#8221; ou &#8220;de sess\u00e3o&#8221;. Os cookies de sess\u00e3o duram at\u00e9 parar de navegar e os cookies persistentes duram at\u00e9 expirarem ou serem eliminados. A maioria dos cookies que usamos s\u00e3o persistentes e expiram entre 30 minutos e dois anos a partir da data em que s\u00e3o descarregados para o seu dispositivo.  \r\n<br><br>Pode controlar e gerir os cookies de v\u00e1rias maneiras. Por favor, tenha em mente que remover ou bloquear cookies pode impactar negativamente a sua experi\u00eancia de utilizador e partes do nosso site podem deixar de estar totalmente acess\u00edveis. \r\n<br><br>A maioria dos navegadores aceita cookies automaticamente, mas pode escolher aceitar ou n\u00e3o cookies atrav\u00e9s dos controlos do seu navegador, geralmente encontrados no menu &#8220;Ferramentas&#8221; ou &#8220;Prefer\u00eancias&#8221; do seu navegador. Para mais informa\u00e7\u00f5es sobre como modificar as configura\u00e7\u00f5es do seu navegador ou como bloquear, gerir ou filtrar cookies, pode consultar o ficheiro de ajuda do seu navegador ou atrav\u00e9s de sites como www.allaboutcookies.org. \r\n<br><br>Al\u00e9m disso, note que bloquear cookies pode n\u00e3o impedir completamente a forma como partilhamos informa\u00e7\u00f5es com terceiros, como os nossos parceiros de publicidade. Para exercer os seus direitos ou optar por n\u00e3o permitir certos usos das suas informa\u00e7\u00f5es por estas partes, siga as instru\u00e7\u00f5es na se\u00e7\u00e3o &#8220;Publicidade Comportamental&#8221; acima. \r\n<br><br>Altera\u00e7\u00f5es\r\n<br><br>Podemos atualizar esta Pol\u00edtica de Privacidade de tempos em tempos para refletir, por exemplo, altera\u00e7\u00f5es nas nossas pr\u00e1ticas ou por outros motivos operacionais, legais ou regulamentares.\r\n<br><br>Contacto\r\n<br><br>Para mais informa\u00e7\u00f5es sobre as nossas pr\u00e1ticas de privacidade, se tiver alguma d\u00favida ou se quiser fazer uma reclama\u00e7\u00e3o, por favor, contacte-nos por e-mail em info@dgb.co.za\r\n<br><br>\u00daltima atualiza\u00e7\u00e3o: 18 de novembro de 2020\r\n<br><br>Se n\u00e3o estiver satisfeito com a nossa resposta \u00e0 sua reclama\u00e7\u00e3o, tem o direito de apresentar a sua reclama\u00e7\u00e3o \u00e0 autoridade de prote\u00e7\u00e3o de dados relevante.\r\n\r\n<\/p>\r\n<\/main>\r\n<div class=\"elementor elementor-24 elementor-location-footer\" data-elementor-type=\"footer\" data-elementor-id=\"24\" data-elementor-settings=\"[]\">\r\n<div class=\"elementor-section-wrap\">\r\n<section class=\"elementor-section elementor-inner-section elementor-element elementor-element-78134ee5 elementor-section-content-top elementor-section-boxed elementor-section-height-default elementor-section-height-default\" data-id=\"78134ee5\" data-element_type=\"section\" data-settings=\"{\"background_background\":\"classic\"}\">\r\n<div class=\"elementor-container elementor-column-gap-default\">\r\n<div class=\"elementor-column elementor-col-14 elementor-inner-column elementor-element elementor-element-18b5ece7\" data-id=\"18b5ece7\" data-element_type=\"column\">\r\n<div class=\"elementor-widget-wrap elementor-element-populated\">\r\n<div class=\"elementor-element elementor-element-21de0899 elementor-widget elementor-widget-heading is-mac\" data-id=\"21de0899\" data-element_type=\"widget\" data-widget_type=\"heading.default\">\r\n<div class=\"elementor-widget-container\"> <\/div>\r\n<\/div>\r\n<\/div>\r\n<\/div>\r\n<\/div>\r\n<\/section>\r\n<\/div>\r\n<\/div>\r\n\t\t\t\t\t\t\t\t<\/div>\n\t\t\t\t<\/div>\n\t\t\t\t\t<\/div>\n\t\t<\/div>\n\t\t\t\t\t<\/div>\n\t\t<\/section>\n\t\t\t\t\t<\/div>\n\t\t<\/div>\n\t\t\t\t\t<\/div>\n\t\t<\/section>\n\t\t\t\t<\/div>\n\t\t","protected":false},"excerpt":{"rendered":"<p>Esta Pol\u00edtica de Privacidade descreve como a DGB (o &#8220;site&#8221;, &#8220;n\u00f3s&#8221; ou &#8220;nos&#8221;) recolhe, utiliza e divulga as suas Informa\u00e7\u00f5es Pessoais quando visita ou faz uma compra no site. Recolha de informa\u00e7\u00f5es pessoais Quando visita o Site, recolhemos certas informa\u00e7\u00f5es sobre o seu dispositivo, a sua intera\u00e7\u00e3o com o Site e informa\u00e7\u00f5es necess\u00e1rias para processar &#8230; <a title=\"Pol\u00edtica de Privacidade\" class=\"read-more\" href=\"https:\/\/butlerscocktails.co.za\/pt-pt\/politica-de-privacidade\/\" aria-label=\"Mais sobre Pol\u00edtica de Privacidade\">Ler mais<\/a><\/p>\n","protected":false},"author":1,"featured_media":0,"parent":0,"menu_order":0,"comment_status":"closed","ping_status":"open","template":"elementor_header_footer","meta":{"footnotes":""},"class_list":["post-1900","page","type-page","status-publish"],"yoast_head":"<!-- This site is optimized with the Yoast SEO plugin v27.2 - https:\/\/yoast.com\/product\/yoast-seo-wordpress\/ -->\n<title>Pol\u00edtica de Privacidade - Butlers Liquers<\/title>\n<meta name=\"robots\" content=\"index, follow, max-snippet:-1, max-image-preview:large, max-video-preview:-1\" \/>\n<link rel=\"canonical\" href=\"https:\/\/butlerscocktails.co.za\/pt-pt\/politica-de-privacidade\/\" \/>\n<meta property=\"og:locale\" content=\"pt_PT\" \/>\n<meta property=\"og:type\" content=\"article\" \/>\n<meta property=\"og:title\" content=\"Pol\u00edtica de Privacidade - Butlers Liquers\" \/>\n<meta property=\"og:description\" content=\"Esta Pol\u00edtica de Privacidade descreve como a DGB (o &#8220;site&#8221;, &#8220;n\u00f3s&#8221; ou &#8220;nos&#8221;) recolhe, utiliza e divulga as suas Informa\u00e7\u00f5es Pessoais quando visita ou faz uma compra no site. Recolha de informa\u00e7\u00f5es pessoais Quando visita o Site, recolhemos certas informa\u00e7\u00f5es sobre o seu dispositivo, a sua intera\u00e7\u00e3o com o Site e informa\u00e7\u00f5es necess\u00e1rias para processar ... Ler mais\" \/>\n<meta property=\"og:url\" content=\"https:\/\/butlerscocktails.co.za\/pt-pt\/politica-de-privacidade\/\" \/>\n<meta property=\"og:site_name\" content=\"Butlers Liquers\" \/>\n<meta property=\"article:modified_time\" content=\"2025-11-03T16:14:30+00:00\" \/>\n<meta name=\"twitter:card\" content=\"summary_large_image\" \/>\n<meta name=\"twitter:label1\" content=\"Tempo estimado de leitura\" \/>\n\t<meta name=\"twitter:data1\" content=\"8 minutos\" \/>\n<script type=\"application\/ld+json\" class=\"yoast-schema-graph\">{\"@context\":\"https:\/\/schema.org\",\"@graph\":[{\"@type\":\"WebPage\",\"@id\":\"https:\/\/butlerscocktails.co.za\/pt-pt\/politica-de-privacidade\/\",\"url\":\"https:\/\/butlerscocktails.co.za\/pt-pt\/politica-de-privacidade\/\",\"name\":\"Pol\u00edtica de Privacidade - Butlers Liquers\",\"isPartOf\":{\"@id\":\"https:\/\/butlerscocktails.co.za\/pt-pt\/#website\"},\"datePublished\":\"2021-05-20T07:20:33+00:00\",\"dateModified\":\"2025-11-03T16:14:30+00:00\",\"breadcrumb\":{\"@id\":\"https:\/\/butlerscocktails.co.za\/pt-pt\/politica-de-privacidade\/#breadcrumb\"},\"inLanguage\":\"pt-PT\",\"potentialAction\":[{\"@type\":\"ReadAction\",\"target\":[\"https:\/\/butlerscocktails.co.za\/pt-pt\/politica-de-privacidade\/\"]}]},{\"@type\":\"BreadcrumbList\",\"@id\":\"https:\/\/butlerscocktails.co.za\/pt-pt\/politica-de-privacidade\/#breadcrumb\",\"itemListElement\":[{\"@type\":\"ListItem\",\"position\":1,\"name\":\"Home\",\"item\":\"https:\/\/butlerscocktails.co.za\/pt-pt\/\"},{\"@type\":\"ListItem\",\"position\":2,\"name\":\"Pol\u00edtica de Privacidade\"}]},{\"@type\":\"WebSite\",\"@id\":\"https:\/\/butlerscocktails.co.za\/pt-pt\/#website\",\"url\":\"https:\/\/butlerscocktails.co.za\/pt-pt\/\",\"name\":\"Butlers Liquers\",\"description\":\"Mix with the Best\",\"publisher\":{\"@id\":\"https:\/\/butlerscocktails.co.za\/pt-pt\/#organization\"},\"potentialAction\":[{\"@type\":\"SearchAction\",\"target\":{\"@type\":\"EntryPoint\",\"urlTemplate\":\"https:\/\/butlerscocktails.co.za\/pt-pt\/?s={search_term_string}\"},\"query-input\":{\"@type\":\"PropertyValueSpecification\",\"valueRequired\":true,\"valueName\":\"search_term_string\"}}],\"inLanguage\":\"pt-PT\"},{\"@type\":\"Organization\",\"@id\":\"https:\/\/butlerscocktails.co.za\/pt-pt\/#organization\",\"name\":\"Butlers Liquers\",\"url\":\"https:\/\/butlerscocktails.co.za\/pt-pt\/\",\"logo\":{\"@type\":\"ImageObject\",\"inLanguage\":\"pt-PT\",\"@id\":\"https:\/\/butlerscocktails.co.za\/pt-pt\/#\/schema\/logo\/image\/\",\"url\":\"https:\/\/butlerscocktails.co.za\/wp-content\/uploads\/2021\/05\/blogo.png\",\"contentUrl\":\"https:\/\/butlerscocktails.co.za\/wp-content\/uploads\/2021\/05\/blogo.png\",\"width\":225,\"height\":89,\"caption\":\"Butlers Liquers\"},\"image\":{\"@id\":\"https:\/\/butlerscocktails.co.za\/pt-pt\/#\/schema\/logo\/image\/\"}}]}<\/script>\n<!-- \/ Yoast SEO plugin. -->","yoast_head_json":{"title":"Pol\u00edtica de Privacidade - Butlers Liquers","robots":{"index":"index","follow":"follow","max-snippet":"max-snippet:-1","max-image-preview":"max-image-preview:large","max-video-preview":"max-video-preview:-1"},"canonical":"https:\/\/butlerscocktails.co.za\/pt-pt\/politica-de-privacidade\/","og_locale":"pt_PT","og_type":"article","og_title":"Pol\u00edtica de Privacidade - Butlers Liquers","og_description":"Esta Pol\u00edtica de Privacidade descreve como a DGB (o &#8220;site&#8221;, &#8220;n\u00f3s&#8221; ou &#8220;nos&#8221;) recolhe, utiliza e divulga as suas Informa\u00e7\u00f5es Pessoais quando visita ou faz uma compra no site. Recolha de informa\u00e7\u00f5es pessoais Quando visita o Site, recolhemos certas informa\u00e7\u00f5es sobre o seu dispositivo, a sua intera\u00e7\u00e3o com o Site e informa\u00e7\u00f5es necess\u00e1rias para processar ... Ler mais","og_url":"https:\/\/butlerscocktails.co.za\/pt-pt\/politica-de-privacidade\/","og_site_name":"Butlers Liquers","article_modified_time":"2025-11-03T16:14:30+00:00","twitter_card":"summary_large_image","twitter_misc":{"Tempo estimado de leitura":"8 minutos"},"schema":{"@context":"https:\/\/schema.org","@graph":[{"@type":"WebPage","@id":"https:\/\/butlerscocktails.co.za\/pt-pt\/politica-de-privacidade\/","url":"https:\/\/butlerscocktails.co.za\/pt-pt\/politica-de-privacidade\/","name":"Pol\u00edtica de Privacidade - Butlers Liquers","isPartOf":{"@id":"https:\/\/butlerscocktails.co.za\/pt-pt\/#website"},"datePublished":"2021-05-20T07:20:33+00:00","dateModified":"2025-11-03T16:14:30+00:00","breadcrumb":{"@id":"https:\/\/butlerscocktails.co.za\/pt-pt\/politica-de-privacidade\/#breadcrumb"},"inLanguage":"pt-PT","potentialAction":[{"@type":"ReadAction","target":["https:\/\/butlerscocktails.co.za\/pt-pt\/politica-de-privacidade\/"]}]},{"@type":"BreadcrumbList","@id":"https:\/\/butlerscocktails.co.za\/pt-pt\/politica-de-privacidade\/#breadcrumb","itemListElement":[{"@type":"ListItem","position":1,"name":"Home","item":"https:\/\/butlerscocktails.co.za\/pt-pt\/"},{"@type":"ListItem","position":2,"name":"Pol\u00edtica de Privacidade"}]},{"@type":"WebSite","@id":"https:\/\/butlerscocktails.co.za\/pt-pt\/#website","url":"https:\/\/butlerscocktails.co.za\/pt-pt\/","name":"Butlers Liquers","description":"Mix with the Best","publisher":{"@id":"https:\/\/butlerscocktails.co.za\/pt-pt\/#organization"},"potentialAction":[{"@type":"SearchAction","target":{"@type":"EntryPoint","urlTemplate":"https:\/\/butlerscocktails.co.za\/pt-pt\/?s={search_term_string}"},"query-input":{"@type":"PropertyValueSpecification","valueRequired":true,"valueName":"search_term_string"}}],"inLanguage":"pt-PT"},{"@type":"Organization","@id":"https:\/\/butlerscocktails.co.za\/pt-pt\/#organization","name":"Butlers Liquers","url":"https:\/\/butlerscocktails.co.za\/pt-pt\/","logo":{"@type":"ImageObject","inLanguage":"pt-PT","@id":"https:\/\/butlerscocktails.co.za\/pt-pt\/#\/schema\/logo\/image\/","url":"https:\/\/butlerscocktails.co.za\/wp-content\/uploads\/2021\/05\/blogo.png","contentUrl":"https:\/\/butlerscocktails.co.za\/wp-content\/uploads\/2021\/05\/blogo.png","width":225,"height":89,"caption":"Butlers Liquers"},"image":{"@id":"https:\/\/butlerscocktails.co.za\/pt-pt\/#\/schema\/logo\/image\/"}}]}},"_links":{"self":[{"href":"https:\/\/butlerscocktails.co.za\/pt-pt\/wp-json\/wp\/v2\/pages\/1900","targetHints":{"allow":["GET"]}}],"collection":[{"href":"https:\/\/butlerscocktails.co.za\/pt-pt\/wp-json\/wp\/v2\/pages"}],"about":[{"href":"https:\/\/butlerscocktails.co.za\/pt-pt\/wp-json\/wp\/v2\/types\/page"}],"author":[{"embeddable":true,"href":"https:\/\/butlerscocktails.co.za\/pt-pt\/wp-json\/wp\/v2\/users\/1"}],"replies":[{"embeddable":true,"href":"https:\/\/butlerscocktails.co.za\/pt-pt\/wp-json\/wp\/v2\/comments?post=1900"}],"version-history":[{"count":3,"href":"https:\/\/butlerscocktails.co.za\/pt-pt\/wp-json\/wp\/v2\/pages\/1900\/revisions"}],"predecessor-version":[{"id":1903,"href":"https:\/\/butlerscocktails.co.za\/pt-pt\/wp-json\/wp\/v2\/pages\/1900\/revisions\/1903"}],"wp:attachment":[{"href":"https:\/\/butlerscocktails.co.za\/pt-pt\/wp-json\/wp\/v2\/media?parent=1900"}],"curies":[{"name":"wp","href":"https:\/\/api.w.org\/{rel}","templated":true}]}}